{"id":68,"date":"2022-07-22T21:20:26","date_gmt":"2022-07-22T19:20:26","guid":{"rendered":"https:\/\/afrique-espoir.com\/health\/home-2\/"},"modified":"2022-07-23T16:39:26","modified_gmt":"2022-07-23T14:39:26","slug":"voyages-soins-medicaux-maroc","status":"publish","type":"page","link":"https:\/\/afrique-espoir.com\/health\/","title":{"rendered":"Afrique Espoir Health"},"content":{"rendered":"\n\n\n<h3>Faites appel \u00e0 un<\/h3>\n<h1>Partenaire<\/h1>\n<h3>pour vos voyages de soins<\/h3>\n\n\n\n\n\n\n\n\n\n<h2>Sp\u00e9cialiste en parcours de soins et \u00e9vacuation sanitaire<\/h2>\n<p style=\"text-align: left;\"><strong>AFRIQUE ESPOIR HEALTH <\/strong>s&rsquo;est sp\u00e9cialis\u00e9e dans l&rsquo;organisation et ex\u00e9cution  de <strong>parcours de soins d&rsquo;urgence<\/strong> ou planifi\u00e9s pour ses clients patients de toute l&rsquo;Afrique au <strong>Maroc<\/strong>. <\/p>\n<p style=\"text-align: left;\"><strong>AFRIQUE ESPOIR HEALTH <\/strong>vous facilite l&rsquo;acc\u00e8s aux meilleurs op\u00e9rateurs de soins, tout en vous assurant l&rsquo;organisation, coordination et gestion de l&rsquo;ensemble des prestations m\u00e9dicales li\u00e9es \u00e0 votre parcours.<\/p>\n<p>Bas\u00e9e au Maroc, avec ses antennes de correspondance au Mali, C\u00f4te d&rsquo;Ivoire, S\u00e9n\u00e9gal et Burkina Faso. L&rsquo;objectif d&rsquo;<strong>AFRIQUE ESPOIR HEALTH<\/strong> est de vous assurer des soins m\u00e9dicaux d&rsquo;excellence au meilleur prix.<\/p>\n\n\n\n\n\n<p>Gr\u00e2ce aux partenariats avec les meilleurs op\u00e9rateurs de sant\u00e9 au Maroc, nous r\u00e9pondons \u00e0 vos besoins les plus sp\u00e9cifiques selon votre pathologie .<\/p>\n\n\n<p><span style=\"color: rgb(255, 255, 255);\">Afrique Espoir Health vous garantie le meilleur rapport qualit\u00e9\/prix, des prestations de services de haute qualit\u00e9 d\u00e9crites au pr\u00e9alables sur votre devis avec le juste co\u00fbt.<\/span><\/p>\n\n\n<p>Nous am\u00e9liorons nos processus pour g\u00e9rer, organiser et optimiser au mieux votre parcours th\u00e9rapeutique au Maroc<\/p>\n\n\n\n\n<h5>Nous vous assurons l&rsquo;acc\u00e8s<\/h5>\n<h2>aux meilleurs soins \u00e0 des co\u00fbts optimis\u00e9s.<\/h2>\n<p style=\"text-align: center;\">Vous avez un projet de soin ?<\/p>\n\n\n\n\n\n<h2>Pourquoi nous choisir ?<\/h2>\n<p style=\"text-align: left;\"><span style=\"background-color: transparent; font-size: 15px;\">Notre objectif est de vous faire b\u00e9n\u00e9ficier d\u2019un environnement saint propice \u00e0 la gu\u00e9rison, au repos et \u00e0 la remise sur pied le plus rapidement et le plus efficacement possible. <\/span><\/p>\n<p>Nous assurons \u00e0 nos patients l&rsquo;organisation de s\u00e9jours de convalescence et de remise en forme, tout en b\u00e9n\u00e9ficiant des atouts touristiques du Maroc \u00e0 travers des voyages post-op\u00e9ratoires.<\/p>\n\n\n\n\n\n\n\n\n\n<h5>Appelez nous pour r\u00e9s\u00e9rver votre s\u00e9jour<\/h5>\n<h2>Profitez d&rsquo;une infrastructure m\u00e9dicale de premier plan\u200b<\/h2>\n\n\n\n\n\n\n<p>Lorem ipsum dolor sit amet, consectetur adipiscing elit, sed do eiusmod tempor. consectetur adipiscing elit, sed do eiusmod tempor.<\/p>\n<p>Lorem ipsum dolor sit amet, consectetur adipiscing elit, sed do eiusmod tempor. consectetur adipiscing elit, sed do eiusmod tempor.<\/p>\n<p>Lorem ipsum dolor sit amet, consectetur adipiscing elit, sed do eiusmod tempor. consectetur adipiscing elit, sed do eiusmod tempor.<\/p>\n\n\n\n","protected":false},"excerpt":{"rendered":"","protected":false},"author":1,"featured_media":0,"parent":0,"menu_order":0,"comment_status":"closed","ping_status":"closed","template":"","meta":{"pagelayer_contact_templates":[],"_pagelayer_content":"","footnotes":""},"class_list":["post-68","page","type-page","status-publish","hentry"],"_links":{"self":[{"href":"https:\/\/afrique-espoir.com\/health\/wp-json\/wp\/v2\/pages\/68","targetHints":{"allow":["GET"]}}],"collection":[{"href":"https:\/\/afrique-espoir.com\/health\/wp-json\/wp\/v2\/pages"}],"about":[{"href":"https:\/\/afrique-espoir.com\/health\/wp-json\/wp\/v2\/types\/page"}],"author":[{"embeddable":true,"href":"https:\/\/afrique-espoir.com\/health\/wp-json\/wp\/v2\/users\/1"}],"replies":[{"embeddable":true,"href":"https:\/\/afrique-espoir.com\/health\/wp-json\/wp\/v2\/comments?post=68"}],"version-history":[{"count":29,"href":"https:\/\/afrique-espoir.com\/health\/wp-json\/wp\/v2\/pages\/68\/revisions"}],"predecessor-version":[{"id":155,"href":"https:\/\/afrique-espoir.com\/health\/wp-json\/wp\/v2\/pages\/68\/revisions\/155"}],"wp:attachment":[{"href":"https:\/\/afrique-espoir.com\/health\/wp-json\/wp\/v2\/media?parent=68"}],"curies":[{"name":"wp","href":"https:\/\/api.w.org\/{rel}","templated":true}]}}